{"id":1519,"date":"2023-09-06T12:27:34","date_gmt":"2023-09-06T12:27:34","guid":{"rendered":"https:\/\/iscram2024.ercis.org\/?page_id=1519"},"modified":"2023-09-18T11:12:08","modified_gmt":"2023-09-18T11:12:08","slug":"privacy-statement","status":"publish","type":"page","link":"https:\/\/iscram2024.ercis.org\/index.php\/privacy-statement\/","title":{"rendered":"PRIVACY STATEMENT"},"content":{"rendered":"<h2><span style=\"color: inherit;\">1. Name and address of the responsible controller<\/span><\/h2>\n<div class=\"content\">\n<div class=\"field field-name-body field-type-text-with-summary field-label-hidden\">\n<div class=\"field-items\">\n<div class=\"field-item even\">\n<p>The responsible controller as defined in the EU General Data Protection Regulation (GDPR) and other national data protection laws of the EU member states as well as other data protection-related provisions is:<\/p>\n<p>Westf\u00e4lische Wilhelms-Universit\u00e4t M\u00fcnster (WWU) \/ University of M\u00fcnster (WWU)<br \/>\nrepresented by its Rector, Prof Dr Johannes Wessels,<br \/>\nSchlossplatz 2, 48149 M\u00fcnster<br \/>\nTel.: + 49 251 83-0<br \/>\nEmail:\u00a0<a href=\"mailto:verwaltung@uni-muenster.de\">verwaltung@uni-muenster.de<\/a><\/p>\n<h2>2. Name and address of the data protection officer<\/h2>\n<p>The data protection officer appointed by the responsible controller is:<\/p>\n<p>Nina Meyer-Pachur<br \/>\nSchlossplatz 2, 48149 M\u00fcnster<br \/>\nTel.: + 49 251 83-22446<br \/>\nEmail:\u00a0<a href=\"mailto:datenschutz@uni-muenster.de\">datenschutz@uni-muenster.de<\/a><\/p>\n<h2>3. General information on data processing<\/h2>\n<p>We collect and use the personal data of our users insofar as necessary for operating a functional website and delivering our content and services, and to the extent to which the law permits.<\/p>\n<h3>Legal basis for processing personal data<\/h3>\n<p>Whenever we obtain the consent from a data subject to process personal data, Art. 6 (1 a) GDPR serves as the legal basis for processing this personal data.<\/p>\n<p>Whenever processing such data is necessary for compliance with a legal regulation, to which the University of M\u00fcnster is subject, Art. 6 (1 c) GDPR serves as the legal basis.<\/p>\n<p>In cases for which processing is necessary to protect the vital interests of the data subject or of another natural person, Art. 6 (1 d) GDPR serves as the legal basis.<\/p>\n<p>If processing is necessary for the performance of a task carried out in the public interest or in the exercise of official authority vested in the University of M\u00fcnster, Art. 6 (1 e) GDPR serves as the legal basis for processing this data.<\/p>\n<p>If processing is necessary for safeguarding the legitimate interests of the University of M\u00fcnster or of a third party, except where such interests are overridden by the interests or fundamental rights and freedoms of the data subject, Art. 6 (1 f) GDPR serves as the legal basis for processing this data. This does not apply to processing tasks which the University of M\u00fcnster is obliged to perform as a public authority.<\/p>\n<h3>Duration of storage of personal data<\/h3>\n<p>We reserve the right to retain the data subject\u2019s personal data for as long as the purpose of such storage exists. If processing is permitted on the basis of the subject\u2019s consent, his\/her personal data is only stored until the data subject withdraws his\/her consent, except in cases where processing is governed by a different legal basis.<\/p>\n<h3>Right to rectification and erasure of personal data<\/h3>\n<p>The data subject has the right to obtain from the controller without undue delay the rectification of inaccurate personal data concerning him or her. The data subject also has the right to obtain from the controller the erasure of personal data concerning him or her without undue delay as soon as the purpose of storage is no longer necessary. In cases where data processing is performed on the basis of consent, the right to erasure exists if the data subject withdraws his\/her consent and no other legal grounds exist for processing the data.<\/p>\n<p>Personal data must be erased if the data subject objects to the processing in accordance with Art. 21 (1) GDPR and there are no overriding legitimate grounds for the processing, or if the personal data has been unlawfully processed, or if the personal data must be erased in order to comply with a legal requirement mandated by an EU or member state law, to which the University of M\u00fcnster is subject.<\/p>\n<p>The right to erasure as put forth in the cases stated above does not apply, however, if it would prevent compliance with a legal obligation which requires processing by European Union or member state law, to which the University of M\u00fcnster is subject, or hinder the performance of a task carried out in the public interest or in the exercise of official authority vested in the University of M\u00fcnster, or if extended storage is necessary for the establishment, exercise or defence of legal claims.<\/p>\n<h3>Right to withdrawal<\/h3>\n<p>If permission to process personal data was granted by the consent of the data subject, he or she may withdraw his\/her consent at any time. All processing of personal data performed prior to withdrawal remains lawful irrespective of the subject\u2019s withdrawal.<\/p>\n<h3>Right to information<\/h3>\n<p>The data subject has the right to obtain confirmation from the University of M\u00fcnster whether it is processing any personal data concerning him or her. If such is the case, the data subject has a right to information regarding the type of personal data and the purpose for which it is being processed. The data subject also has the right to obtain information on the duration of the planned storage of his\/her data, or on the criteria for determining how long his\/her data is to be stored.<\/p>\n<h2>4. Provision of the website and creation of log files<\/h2>\n<h3>Scope of data processing<\/h3>\n<p>For every access query to our website, our server automatically collects data and information from the querying computer system.<br \/>\nThe following data is collected in this process:<\/p>\n<ol>\n<li>information on the browser type and version<\/li>\n<li>the user&#8217;s operating system<\/li>\n<li>the user\u2019s Internet service provider<\/li>\n<li>the user\u2019s IP address<\/li>\n<li>the date and time of the query<\/li>\n<li>websites from which the user\u2019s system was directed to our website<\/li>\n<li>websites which the user\u2019s system accesses via our website<\/li>\n<\/ol>\n<p>This data is compiled in log files and saved on our server. No further personal data is stored together with the log file data.<\/p>\n<h3>Legal basis for processing<\/h3>\n<p>The legal basis for temporarily processing data and log files is provided in Art. 6 (1 f) GDPR.<\/p>\n<h3>Purpose of processing<\/h3>\n<p>The temporary storage of the IP address on our server is necessary for granting the user\u2019s system access to our website. For this purpose, the user\u2019s IP address must remain stored on our server for the duration of the session.<\/p>\n<p>Data storage in log files is required to ensure the functionality of the website. Furthermore, the data enables us to optimise the website and guarantee the security of our IT systems. Data analysis for marketing-related purposes is not performed in this context.<\/p>\n<p>These purposes correspond to the legitimate interests of data processing as indicated in Art. 6 (1 f) GDPR.<\/p>\n<h3>Duration of storage of personal data<\/h3>\n<p>The data is erased at the conclusion of the respective session.<\/p>\n<p>All data stored in log files is erased within seven days. A longer period of data storage is possible. In such cases, the user\u2019s IP address is erased or anonymised in such a way that renders it impossible to identify the querying client.<\/p>\n<h2>5. Use of cookies<\/h2>\n<h3>Scope of data processing<\/h3>\n<p>Our website uses cookies. Cookies are small text files saved on or by the web browser, installed on the user\u2019s computer system. Cookies are often saved on the user\u2019s operating system whenever a user accesses a website. The file contains a distinctive sequence of characters which enables the browser to correctly identify a website when it is visited again.<\/p>\n<p>We use cookies to improve the user friendliness of our website. Some elements on our website make it necessary to identify a querying browser after a page change. The following data is saved and transmitted through and by cookies:<\/p>\n<ol>\n<li>session setting<\/li>\n<\/ol>\n<h3>Legal basis for processing<\/h3>\n<p>The legal basis for processing personal data using technically necessary cookies is provided in Art. 6 (1 f) GDPR. The legal basis for processing personal data using cookies for other purposes for which respective consent is granted by the user is provided in Art. 6 (1 a) GDPR.<\/p>\n<h3>Purpose of processing<\/h3>\n<p>The purpose of using technically necessary cookies is to make it easier for the client to use the website. Some functions on our website cannot be offered without cookies. Such functions require the browser to identify the user after a page change. These purposes correspond to the legitimate interests of processing personal data in accordance with Art. 6 (1 f) GDPR.<\/p>\n<p>Technically necesarry cookies are used for the following service: WordPress CMS.<\/p>\n<h3>Duration of storage of personal data<\/h3>\n<p>Cookies are saved on the user\u2019s computer which transfers them to our server. Consequently, as the user, you have complete control over how cookies are used by your system. By changing the settings in your web browser, you can deactivate or restrict the transmission of cookies to external websites. You can also delete all saved cookies on your system at any time. Restrictions on cookie usage can be managed automatically by your browser. If you choose to deactivate cookies for our website, it may prevent you from taking full advantage of all the features offered on this website.<\/p>\n<h2>6. Email contact<\/h2>\n<h3>Scope of data processing<\/h3>\n<p>On our website, users can personally contact the University via email by using the email address provided for such purposes. In this case, the email together with the user\u2019s personal data is saved on our server.<\/p>\n<p>The user\u2019s personal data is not shared with third parties in this context. The data is exclusively used for purposes of establishing and maintaining contact with the user.<\/p>\n<h3>Legal basis for processing<\/h3>\n<p>The legal basis for processing the user\u2019s personal data, acquired as a result of the user sending an email, is provided in accordance with Art. 6 (1 f) GDPR.<\/p>\n<h3>Purpose of processing<\/h3>\n<p>The user\u2019s personal data is processed only for the purpose of establishing and maintaining contact with the user. This corresponds to the legitimate interests of processing personal data in accordance with Art. 6 (1 f) GDPR.<\/p>\n<h3>Duration of storage of personal data<\/h3>\n<p>All personal data sent to us via email is deleted as soon as the respective dialogue with the user is concluded. The dialogue is deemed concluded when circumstances indicate that the issue in question has been clarified to the satisfaction of all parties.<\/p>\n<h3>Legal basis for processing<\/h3>\n<p>The legal basis for processing the user\u2019s personal data is provided in Art. 6 (1 f) GDPR.<\/p>\n<h3>Purpose of processing<\/h3>\n<p>Processing the user&#8217;s personal data allows us to analyse the browsing behaviour of our users. The analysis of the collected data permits us to generate information about how certain components of our website are used. This helps us to improve our website and enhance user friendliness on a continual basis. This corresponds to the legitimate interests of processing personal data in accordance with Art. 6 (1 f) GDPR.<\/p>\n<h3>Duration of storage of personal data<\/h3>\n<p>All personal data is deleted as soon as it is no longer required for purposes of documenting the user\u2019s visit.<\/p>\n<p>Cookies are saved on the user\u2019s computer which transfers them to our server. Consequently, as the user, you have complete control over how cookies are used by your system. By changing the settings in your web browser, you can deactivate or restrict the transmission of cookies to external websites. You can also delete all saved cookies on your system at any time. Restrictions on cookie usage can be managed automatically by your browser. If you choose to deactivate cookies for our website, it may prevent you from taking full advantage of all the features offered on this website.<\/p>\n<\/div>\n<\/div>\n<\/div>\n<\/div>\n","protected":false},"excerpt":{"rendered":"<p>1. Name and address of the responsible controller The responsible controller as defined in the EU General Data Protection Regulation (GDPR) and other national data protection laws of the EU member states as well as other data protection-related provisions is: Westf\u00e4lische Wilhelms-Universit\u00e4t M\u00fcnster (WWU) \/ University of M\u00fcnster (WWU) represented by its Rector, Prof Dr &hellip; <\/p>\n<p><a class=\"more-link btn\" href=\"https:\/\/iscram2024.ercis.org\/index.php\/privacy-statement\/\">Continue reading<\/a><\/p>\n","protected":false},"author":3,"featured_media":0,"parent":0,"menu_order":0,"comment_status":"closed","ping_status":"closed","template":"","meta":{"footnotes":""},"class_list":["post-1519","page","type-page","status-publish","hentry","nodate","item-wrap"],"aioseo_notices":[],"_links":{"self":[{"href":"https:\/\/iscram2024.ercis.org\/index.php\/wp-json\/wp\/v2\/pages\/1519","targetHints":{"allow":["GET"]}}],"collection":[{"href":"https:\/\/iscram2024.ercis.org\/index.php\/wp-json\/wp\/v2\/pages"}],"about":[{"href":"https:\/\/iscram2024.ercis.org\/index.php\/wp-json\/wp\/v2\/types\/page"}],"author":[{"embeddable":true,"href":"https:\/\/iscram2024.ercis.org\/index.php\/wp-json\/wp\/v2\/users\/3"}],"replies":[{"embeddable":true,"href":"https:\/\/iscram2024.ercis.org\/index.php\/wp-json\/wp\/v2\/comments?post=1519"}],"version-history":[{"count":8,"href":"https:\/\/iscram2024.ercis.org\/index.php\/wp-json\/wp\/v2\/pages\/1519\/revisions"}],"predecessor-version":[{"id":1547,"href":"https:\/\/iscram2024.ercis.org\/index.php\/wp-json\/wp\/v2\/pages\/1519\/revisions\/1547"}],"wp:attachment":[{"href":"https:\/\/iscram2024.ercis.org\/index.php\/wp-json\/wp\/v2\/media?parent=1519"}],"curies":[{"name":"wp","href":"https:\/\/api.w.org\/{rel}","templated":true}]}}