{"id":2704,"date":"2024-02-27T15:23:35","date_gmt":"2024-02-27T15:23:35","guid":{"rendered":"https:\/\/iscram2024.ercis.org\/?page_id=2704"},"modified":"2024-04-16T15:48:56","modified_gmt":"2024-04-16T15:48:56","slug":"journey","status":"publish","type":"page","link":"https:\/\/iscram2024.ercis.org\/index.php\/for-attendees\/journey\/","title":{"rendered":"YOUR JOURNEY"},"content":{"rendered":"<hr\/>\n<div class=\"link-row\">\n<a class=\"link-column\" href=\"#airports\"><i class=\"fas fa-plane-departure\"><\/i> <strong>AIRPORTS AND CONNECTIONS<\/strong><\/a><br \/>\n<a class=\"link-column\" href=\"#gtk\"><i class=\"fas fa-circle-info\"><\/i>  <strong>GOOD TO KNOW!<\/strong><\/a>\n<\/div>\n<hr \/>\n<h4 id=\"airports\">AIRPORTS AND CONNECTIONS<\/h4>\n<p>All roads lead to M\u00fcnster! Well, not all, but we are pretty well connected. Below we give you an overview of the airports that are best connected to M\u00fcnster, as well as the time you would need by the different modes of transportation.<\/p>\n<p>If you are traveling by train, please make sure you select <strong>&#8220;M\u00fcnster(Westf)Hbf&#8221; or &#8220;M\u00fcnster(Westf)-central station&#8221;<\/strong> as your destination. You can book your rail journey via our rail booking portal. There you will receive an event ticket at special conditions which might be beneficial: <a href=\"https:\/\/www.veranstaltungsticket-bahn.de\/?event=13896&#038;language=en\" rel=\"noopener\" target=\"_blank\"><i class=\"fas fa-train\"><\/i> <strong>link to the rail booking portal of Deutsche Bahn<\/strong><\/a>.<\/p>\n<table class=\"deadlines\" border=\"1\">\n<tr>\n<th><i class=\"fas fa-plane-departure\"><\/i> Airport Name<\/th>\n<th><i class=\"fas fa-car\"><\/i> by Car<\/th>\n<th><i class=\"fas fa-train\"><\/i> by Train<br \/>(long distance)<\/th>\n<th><i class=\"fas fa-bus\"><\/i> by Train\/Bus<br \/>(regional)<\/th>\n<\/tr>\n<tr>\n<td>Frankfurt Airport (FRA)<\/td>\n<td>~ 3 Hrs. 15 Mins<\/td>\n<td>~ 3 Hrs.<\/td>\n<td>~ 5 Hrs. 30 Mins<\/td>\n<\/tr>\n<tr>\n<td>Amsterdam Airport Schiphol (AMS)<\/td>\n<td>~ 2 Hrs. 45 Mins<\/td>\n<td>~ 4 Hrs.<\/td>\n<td>~ 4 Hrs. 45 Mins<\/td>\n<\/tr>\n<tr>\n<td>D\u00fcsseldorf Airport (DUS)<\/td>\n<td>~ 1 Hr. 30 Mins<\/td>\n<td>~ 1 Hr. 30 Mins<\/td>\n<td>~ 1 Hr. 30 Mins<\/td>\n<\/tr>\n<tr>\n<td>Hamburg Airport (HAM)<\/td>\n<td>~ 3 Hr. 15 Mins<\/td>\n<td>~ 2 Hr. 45 Mins<\/td>\n<td>~ 4 Hr. 20 Mins<\/td>\n<\/tr>\n<tr>\n<td>Cologne Bonn Airport (CGN)<\/td>\n<td>~ 2 Hrs.<\/td>\n<td>~ 2 Hrs. 15 Mins.<\/td>\n<td>~ 2 Hrs. 15 Mins<\/td>\n<\/tr>\n<tr>\n<td>M\u00fcnster\/Osnabr\u00fcck Airport (FMO)<\/td>\n<td>~ 30 Mins.<\/td>\n<td>No connection<\/td>\n<td>~ 40 Mins. (Bus only)<\/td>\n<\/tr>\n<tr>\n<td>Dortmund Airport (DTM)<\/td>\n<td>~ 1 Hr.<\/td>\n<td>No connection<\/td>\n<td>~ 1 Hr.<\/td>\n<\/tr>\n<\/table>\n<hr\/>\n<h4 id=\"gtk\">GOOD TO KNOW!<\/h4>\n<p>Traveling to another country always has its own particularities. In the following, we would like to inform you about the most important things you should know and bear in mind when traveling in Germany.<\/p>\n<h5>All about trains<\/h5>\n<div class=\"highlight-container\">\n<div class=\"faq-question\">\n<strong>Tricky Spelling<\/strong>\n<\/div>\n<div class=\"faq-answer\">\n<li>Watch out for the special characters in German &#8211; the umlaute (\u00e4 = ae, \u00f6 = oe, \u00fc = ue) &#8211; when selecting your destination to purchase your ticket! Please make sure to enter \u201cM\u00fcnster\u201d or \u201cMuenster\u201d, and also pay particular attention to selecting the option with <strong>&#8220;M\u00fcnster(Westf)Hbf&#8221; or &#8220;M\u00fcnster(Westf)-central station&#8221;<\/strong>.<\/li>\n<\/div>\n<\/div>\n<div class=\"highlight-container\">\n<div class=\"faq-question\">\n<strong>Ticket Prices<\/strong>\n<\/div>\n<div class=\"faq-answer\">\n<li>You can choose between many pricing options: 1. Super-Sparpreis (Saver fare, tied to a certain train, no refunds) 2. Sparpreis (tied to a certain train, partial refunds) 3. Flexpreis (any train of the same price category (IC\/ICE\/RE) at the selected day, refunds). The prices are dynamic, so booking earlier is cheaper.<\/li>\n<li>If you are <a href=\"https:\/\/www.veranstaltungsticket-bahn.de\/?event=13896&#038;language=en\" rel=\"noopener\" target=\"_blank\"><strong>booking via the event ticket portal<\/strong><\/a>, there are two more options: Veranstaltungsticket (tied to a certain train, partial refunds) and Veranstaltungsticket Flex (any train, partial refunds). All options are displayed in the event ticket portal. In some cases, the event ticket is cheaper than the usual Sparpreis option.<\/li>\n<li>Please note that <strong>seat reservations are not automatically included<\/strong>, and you can choose between 1st and 2nd class.<\/li>\n<\/div>\n<\/div>\n<div class=\"highlight-container\">\n<div class=\"faq-question\">\n<strong>Transfers<\/strong>\n<\/div>\n<div class=\"faq-answer\">\n<li>Pay close attention to the number of transfers listed, as well as transfer time at each station. <strong>The Germans are famous for their punctuality, but their trains are not<\/strong>. So sometimes, it can cause headaches in the case of delays or cancellations. Pro tip: You can change the transfer time in the <a href=\"https:\/\/int.bahn.de\/en\/\" rel=\"noopener\" target=\"_blank\">booking portal of Deutsche Bahn<\/a> from normal to >10 minutes if there are few alternative connections.<\/li>\n<li><strong>If you miss your connecting train<\/strong> to another Deutsche Bahn train, you can simply take another one. Sparpreis-tickets are not tied to a train as soon as your train is more than 20 minutes late &#8211; this means you can take any train from then on. <a href=\"https:\/\/www.bahn.de\/hilfe\/view\/pk\/en\/zugbindung.shtml\">See here for further information<\/a>.<\/li>\n<\/div>\n<\/div>\n<div class=\"highlight-container\">\n<div class=\"faq-question\">\n<strong>Alternative to Deutsche Bahn: Flixtrain<\/strong>\n<\/div>\n<div class=\"faq-answer\">\n<p><a href=\"https:\/\/www.flixtrain.com\/\">FlixTrain<\/a> is an alternative to the Deutsche Bahn, and oftentimes offers lower prices. It is only available from certain cities, for example, K\u00f6ln, D\u00fcsseldorf, Frankfurt, Hamburg &#038; Berlin.<\/p>\n<\/div>\n<\/div>\n<h5>Car rentals<\/h5>\n<div class=\"highlight-container\">\n<div class=\"faq-question\">\n<strong>Where can I rent a car?<\/strong>\n<\/div>\n<div class=\"faq-answer\">\n<li>There are several reliable car rental agencies and comparison portals here in Germany (e.g., Check24, Sixt, Europcar, Hertz, Enterprise, Avis, Budget). Check with your arrival airport to see which rental agencies are available. Also, you can search for rental cars before you fly to Germany and reserve your car in advance (at least 2 weeks before ideally). You will get better rates if you book in advance. For the rental agencies, you usually must have a credit card.<\/li>\n<li>But remember &#8211; two things are certain in this world: Germans love diesel and Germans love manual transmissions. Make sure to check with your rental agency that they can accommodate your preference.<\/li>\n<li>If you want to rent a car for a short time while in M\u00fcnster, <a href=\"https:\/\/www.share-now.com\/de\/en\/muenster\/\" rel=\"noopener\" target=\"_blank\">ShareNow<\/a> is available in M\u00fcnster.<\/li>\n<\/div>\n<\/div>\n<div class=\"highlight-container\">\n<div class=\"faq-question\">\n<strong>Legal requirements etc.<\/strong>\n<\/div>\n<div class=\"faq-answer\">\n<li>You must be at least 18 years old (21 in some cases). You must have a valid driver\u2019s license.<\/li>\n<li>We know you are excited to hit the Autobahn but remember that German traffic legislation differs greatly from your home country&#8217;s laws. Before you get on the road in Germany, be sure you are familiar with the traffic laws and do some research at home. <a href=\"https:\/\/www.bussgeldkatalog.org\/german-driving-laws\/\" rel=\"noopener\" target=\"_blank\"><i class=\"fas fa-car\"><\/i> Here is a great resource to help you get started<\/a>.\n<\/li>\n<li>Contrary to popular belief, there are still speed limits in Germany. Pay attention to the signs on the Autobahn that indicate the speed limit for the next zone. In other countries, such as the USA, there are a lot of active law enforcement with the police on the highway using radar guns. Here in Germany, its much more passive, with radar speed traps and automated cameras \u201cblitzing\u201d you. So better watch out and mind the speed limits.<\/li>\n<\/div>\n<\/div>\n<div class=\"highlight-container\">\n<div class=\"faq-question\">\n<strong>Where can I park my car?<\/strong>\n<\/div>\n<div class=\"faq-answer\">\n<li>In Germany, when parking in an urban area (commercial or residential), you should always look for the parking ticket dispenser machine and a sign that reads &#8220;Parkscheine&#8221; (Parking tickets). Some places even offer parking apps on your phone. Never assume that parking is free in the area. Once you have paid for the desired amount of parking time with money, place the ticket in plain sight on the dashboard of your vehicle to avoid a fine from the \u201cOrdnungsamt\u201d. <\/li>\n<\/div>\n<\/div>\n<div class=\"highlight-container\">\n<div class=\"faq-question\">\n<strong>In case of an emergency<\/strong>\n<\/div>\n<div class=\"faq-answer\">\n<li>In case of an emergency, there are two phone numbers:\n<ul>\n<li>110 for police<\/li>\n<li>112 for an ambulance and fire service<\/li>\n<\/ul>\n<\/li>\n<\/div>\n<\/div>\n<h5>Once you&#8217;re in M\u00fcnster<\/h5>\n<div class=\"highlight-container\">\n<div class=\"faq-question\">\n<strong>Public transport in M\u00fcnster: Busses<\/strong>\n<\/div>\n<div class=\"faq-answer\">\n<p>All public transportation with busses will be free. You will receive a ticket for all conference days. The main lines to the main conference venue (IdF) are Line 11 (Tannenhof \u00fc. Wolbecke Str.) and Line R22, R32 (Everswinkel, Rad + Bus Mitte), Exit: Institut der Feuerwehr (IdF). Take a look at the <a href=\"https:\/\/netzplan-muenster.de\/\" rel=\"noopener\" target=\"_blank\"> <strong><i class=\"fas fa-bus\"><\/i> bus network plan<\/strong><\/a> or &#8211; for more detailed information &#8211; at <a href=\"https:\/\/www.stadtwerke-muenster.de\/unterwegs\/fahrplan\/fahrplanauskunft\" rel=\"noopener\" target=\"_blank\"><strong>the journey planner<\/strong><\/a>. <\/p>\n<\/div>\n<\/div>\n","protected":false},"excerpt":{"rendered":"<p>AIRPORTS AND CONNECTIONS GOOD TO KNOW! AIRPORTS AND CONNECTIONS All roads lead to M\u00fcnster! Well, not all, but we are pretty well connected. Below we give you an overview of the airports that are best connected to M\u00fcnster, as well as the time you would need by the different modes of transportation. If you are &hellip; <\/p>\n<p><a class=\"more-link btn\" href=\"https:\/\/iscram2024.ercis.org\/index.php\/for-attendees\/journey\/\">Continue reading<\/a><\/p>\n","protected":false},"author":1,"featured_media":0,"parent":156,"menu_order":3,"comment_status":"closed","ping_status":"closed","template":"","meta":{"footnotes":""},"class_list":["post-2704","page","type-page","status-publish","hentry","nodate","item-wrap"],"aioseo_notices":[],"_links":{"self":[{"href":"https:\/\/iscram2024.ercis.org\/index.php\/wp-json\/wp\/v2\/pages\/2704","targetHints":{"allow":["GET"]}}],"collection":[{"href":"https:\/\/iscram2024.ercis.org\/index.php\/wp-json\/wp\/v2\/pages"}],"about":[{"href":"https:\/\/iscram2024.ercis.org\/index.php\/wp-json\/wp\/v2\/types\/page"}],"author":[{"embeddable":true,"href":"https:\/\/iscram2024.ercis.org\/index.php\/wp-json\/wp\/v2\/users\/1"}],"replies":[{"embeddable":true,"href":"https:\/\/iscram2024.ercis.org\/index.php\/wp-json\/wp\/v2\/comments?post=2704"}],"version-history":[{"count":59,"href":"https:\/\/iscram2024.ercis.org\/index.php\/wp-json\/wp\/v2\/pages\/2704\/revisions"}],"predecessor-version":[{"id":2890,"href":"https:\/\/iscram2024.ercis.org\/index.php\/wp-json\/wp\/v2\/pages\/2704\/revisions\/2890"}],"up":[{"embeddable":true,"href":"https:\/\/iscram2024.ercis.org\/index.php\/wp-json\/wp\/v2\/pages\/156"}],"wp:attachment":[{"href":"https:\/\/iscram2024.ercis.org\/index.php\/wp-json\/wp\/v2\/media?parent=2704"}],"curies":[{"name":"wp","href":"https:\/\/api.w.org\/{rel}","templated":true}]}}